{"id":645,"date":"2026-02-05T11:26:42","date_gmt":"2026-02-05T08:26:42","guid":{"rendered":"https:\/\/hizliserisayfa.com\/?page_id=645"},"modified":"2026-02-05T11:26:42","modified_gmt":"2026-02-05T08:26:42","slug":"yasal-uyari","status":"publish","type":"page","link":"https:\/\/hizliserisayfa.com\/tr\/yasal-uyari\/","title":{"rendered":"Yasal Uyar\u0131"},"content":{"rendered":"<div class=\"wpb-content-wrapper\"><div class=\"vc_row wpb_row vc_row-fluid\"><div class=\"wpb_column vc_column_container vc_col-sm-12\"><div class=\"vc_column-inner\"><div class=\"wpb_wrapper\">\n\t<div class=\"wpb_text_column wpb_content_element\" >\n\t\t<div class=\"wpb_wrapper\">\n\t\t\t<p>hizliserisayfa.com bundan b\u00f6yle k\u0131saca \u201cSite\u201d olarak an\u0131lacakt\u0131r. L\u00fctfen siteyi kullanmadan \u00f6nce Yasal Uyar\u0131lar\u0131 dikkatle okuyunuz.<\/p>\n<p>\u0130\u015fbu site \u00fczerinde her t\u00fcr organizasyon, kullan\u0131m ve tasarruf yetkisi hizliserisayfa.com\u2019a ait olup, siteye girmek ve kullanmakla sitenin kullan\u0131m ve s\u00f6zle\u015fme kurallar\u0131n\u0131 \u201cKullan\u0131c\u0131\/Kullan\u0131c\u0131lar\u201d s\u0131fat\u0131yla (\u201cSite\u201d ye eri\u015fen ger\u00e7ek ve t\u00fczel ki\u015filer) kabul etmi\u015f bulunuyorsunuz. Bu ko\u015fullar\u0131 kabul etmedi\u011finiz taktirde Site\u2019yi kullanmaktan vazge\u00e7iniz. Kullan\u0131c\u0131\/Kullan\u0131c\u0131lar i\u015fbu Yasal Uyar\u0131lar\u0131 kabul etmekle, Site\u2019de yer alan ve\/veya yer alacak olan i\u00e7erikleri, uygulamalar\u0131 ve kullan\u0131c\u0131lara y\u00f6nelik her t\u00fcrl\u00fc beyanlar\u0131 da kabul etmi\u015f say\u0131lacakt\u0131r.<\/p>\n<p>Kullan\u0131c\u0131\/Kullan\u0131c\u0131lar su\u00e7 te\u015fkil edecek, yasal a\u00e7\u0131dan takip gerektirecek, yasalar\u0131n ya da uluslararas\u0131 anla\u015fmalar\u0131n ihlali sonucunu do\u011furan ya da b\u00f6yle durumlar\u0131 te\u015fvik eden, yasad\u0131\u015f\u0131, tehditkar, rahats\u0131z edici, hakaret ve k\u00fcf\u00fcr i\u00e7eren, a\u015fa\u011f\u0131lay\u0131c\u0131, k\u00fc\u00e7\u00fck d\u00fc\u015f\u00fcr\u00fcc\u00fc, kaba, pornografik ya da ahlaka ayk\u0131r\u0131, toplumca genel kabul g\u00f6rm\u00fc\u015f kurallara ayk\u0131r\u0131, ki\u015filik haklar\u0131na zarar verici ya da benzeri niteliklerde hi\u00e7bir \u0130\u00e7eri\u011fi Site\u2019de payla\u015famaz. Bu t\u00fcr bir i\u00e7eriklerden do\u011fan her t\u00fcrl\u00fc mali, hukuki, cezai, idari sorumluluk m\u00fcnhas\u0131ran i\u00e7eri\u011fi g\u00f6nderene Kullan\u0131c\u0131\/Kullan\u0131c\u0131lar\u2019a aittir. Site\u2019de, Kullan\u0131c\u0131\/Kullan\u0131c\u0131lar taraf\u0131ndan payla\u015f\u0131lan i\u00e7erikler aras\u0131ndan uygun g\u00f6rmediklerini herhangi bir gerek\u00e7e belirtmeksizin Sitede yay\u0131nlamama hakk\u0131na sahiptir.<\/p>\n<p>Kullan\u0131c\u0131\/Kullan\u0131c\u0131lar ayr\u0131ca \u201cSite\u201d \u00fczerinden g\u00f6r\u00fcnt\u00fcledi\u011fi i\u00e7eriklerle ilgili herhangi bir hukuki i\u015flem ba\u015flatmak istemesi halinde, gerekli yasal y\u00fck\u00fcml\u00fcl\u00fckleri ve yasal prosed\u00fcrleri yerine getirmek zorunda oldu\u011funu, s\u00f6z konusu y\u00fck\u00fcml\u00fcl\u00fckler ve prosed\u00fcrlerle ilgili olarak hizliserisayfa.com\u2019un herhangi bir bilgi ve sorumlulu\u011funun bulunmad\u0131\u011f\u0131n\u0131 kabul ve beyan eder.<\/p>\n<p>hizliserisayfa.com\u2019da yer alan kullan\u0131c\u0131lar\u0131n olu\u015fturdu\u011fu t\u00fcm i\u00e7erik, g\u00f6r\u00fc\u015f ve bilgilerin do\u011frulu\u011fu, eksiksiz ve de\u011fi\u015fmez oldu\u011fu, yay\u0131nlanmas\u0131 ile ilgili yasal y\u00fck\u00fcml\u00fcl\u00fckler i\u00e7eri\u011fi olu\u015fturan kullan\u0131c\u0131ya aittir. Bu i\u00e7eri\u011fin, g\u00f6r\u00fc\u015f ve bilgilerin yanl\u0131\u015fl\u0131k, eksiklik veya yasalarla d\u00fczenlenmi\u015f kurallara ayk\u0131r\u0131l\u0131\u011f\u0131ndan hizliserisayfa.com hi\u00e7bir \u015fekilde sorumlu de\u011fildir.<\/p>\n<p>Kullan\u0131c\u0131\/Kullan\u0131c\u0131lar, \u201cSite\u201dde yer alan ve di\u011fer Kullan\u0131c\u0131\/Kullan\u0131c\u0131lar taraf\u0131ndan sa\u011flanan i\u00e7erikler de dahil olmak \u00fczere her t\u00fcrl\u00fc bilginin, i\u00e7eri\u011fin, ilan\u0131n ve\/veya g\u00f6rselin ger\u00e7ekli\u011fini, orijinalli\u011fini, g\u00fcvenli\u011fini, do\u011frulu\u011funu ara\u015ft\u0131rma, bu i\u00e7eriklerin internet \u00fczerinden te\u015fhirinin hukuka uygun olup olmad\u0131\u011f\u0131n\u0131 tespit etme sorumlulu\u011fu bulunmad\u0131\u011f\u0131n\u0131, s\u00f6z konusu i\u00e7eriklerden ve bunlar sebebiyle ortaya \u00e7\u0131kabilecek zararlardan dolay\u0131 hizliserisayfa.com\u2019un, \u00e7al\u0131\u015fanlar\u0131n\u0131n ve y\u00f6neticilerinin sorumlulu\u011fu bulunmad\u0131\u011f\u0131n\u0131 kabul ve beyan eder.<\/p>\n<p>Kullan\u0131c\u0131\/Kullan\u0131c\u0131lar; \u201cSite\u201d \u00fczerinde ger\u00e7ekle\u015ftirdi\u011fi i\u015flemlerde ve yaz\u0131\u015fmalarda; i\u015fbu Yasal Uyar\u0131lar h\u00fck\u00fcmlerine, \u201cSite\u201dde belirtilen t\u00fcm \u015fart ve ko\u015fullara ve y\u00fcr\u00fcrl\u00fckteki mevzuata, ahlak kurallar\u0131na uygun olarak hareket edece\u011fini, \u201cSite\u201d \u00fczerinden kendisi taraf\u0131ndan y\u00fcklenen i\u00e7eriklerde ilgili mevzuat\u0131n gerektirdi\u011fi \u00f6nlem ve prosed\u00fcrleri yerine getirmek zorunda oldu\u011funu, bu kural ve ko\u015fullar\u0131 anlad\u0131\u011f\u0131n\u0131 ve kabul etti\u011fini beyan eder. \u201cKullan\u0131c\u0131\u201d\u2018n\u0131n \u201cSite\u201d dahilinde yapt\u0131\u011f\u0131 her i\u015flem ve eylemdeki hukuki ve cezai sorumluluk kendisine aittir.<\/p>\n<p>Kullan\u0131c\u0131lar,hizliserisayfa.com\u2019un sa\u011flam\u0131\u015f oldu\u011fu bilgilerden yararlanmak suretiyle \u00fc\u00e7\u00fcnc\u00fc \u015fah\u0131slardan alm\u0131\u015f oldu\u011fu mal ve hizmetlerdeki ay\u0131plardan hi\u00e7 bir surette hizliserisayfa.com\u2019un sorumlu olmad\u0131\u011f\u0131n\u0131, T\u00fcketicinin Korunmas\u0131 Hakk\u0131ndaki Kanun ve ilgili mevzuat h\u00fck\u00fcmleri dahilinde hizliserisayfa.com\u2019a izafe edilebilecek her t\u00fcrl\u00fc sorumluluk hizliserisayfa.com\u2019u \u015fimdiden ibra ettiklerini kabul ve beyan ederler.<\/p>\n<p>hizliserisayfa.com web sitesindeki bilgilerin kullan\u0131m\u0131 5846 say\u0131l\u0131 Fikir ve Sanat Eserleri Kanunu H\u00fck\u00fcmleri \u00e7er\u00e7evesinde, site edit\u00f6rleri ve site haz\u0131rlay\u0131c\u0131lar\u0131n\u0131n izinlerine ba\u011fl\u0131d\u0131r. Herhangi bir kopyalama, y\u00f6nlendirme veya ileti\u015fim ama\u00e7l\u0131 di\u011fer kullan\u0131mlar kesinlikle izin al\u0131narak ve akabinde kaynak g\u00f6sterilerek yap\u0131labilir. Sitede bulunan i\u00e7erik ve g\u00f6rseller; haber, foto\u011fraf ve sair materyaller sadece hizliserisayfa.com\u2019dan \u00f6nceden yaz\u0131l\u0131 izin al\u0131nmas\u0131 kayd\u0131yla ve hizliserisayfa.com\u2019un izin verdi\u011fi \u015fart ve ko\u015fullarda kullan\u0131labilir. Aksi halde 3. ki\u015fi ve kurulu\u015flara verilemez, kulland\u0131r\u0131lamaz, \u00e7o\u011falt\u0131lamaz, ba\u015fka bir bilgisayara y\u00fcklenemez, postalanamaz, sunulamaz ve yay\u0131nlanamaz. Sitenin b\u00fct\u00fcn\u00fc veya bir k\u0131sm\u0131 kaynak g\u00f6sterilmeden ba\u015fka bir web sitesinde izinsiz olarak kullan\u0131lamaz.<\/p>\n<p>hizliserisayfa.com y\u00fcr\u00fcrl\u00fckteki mevzuat uyar\u0131nca yetkili makamlardan usul\u00fcne uygun olarak talep gelmesi halinde Kullan\u0131c\u0131\/Kullan\u0131c\u0131lar\u2019\u0131n kendisinde bulunan bilgilerini ilgili yetkili makamlarla payla\u015fama hakk\u0131n\u0131 haizdir. \u201cSite\u201dde sunulan hizmetleri ve i\u00e7erikleri her zaman ve hi\u00e7bir bildirimde bulunmadan de\u011fi\u015ftirebilme; Kullan\u0131c\u0131\/Kullan\u0131c\u0131lar\u2019\u0131n sisteme y\u00fckledikleri bilgileri ve i\u00e7erikleri Kullan\u0131c\u0131\/Kullan\u0131c\u0131lar da dahil olmak \u00fczere \u00fc\u00e7\u00fcnc\u00fc ki\u015filerin eri\u015fimine kapatabilme ve silme hakk\u0131n\u0131 sakl\u0131 tutmaktad\u0131r. \u015eu kadar ki; haks\u0131z fiil, ihmal veya di\u011fer sebepler neticesinde; i\u015flemin kesintiye u\u011framas\u0131, hata, ihmal, kesinti, silinme, kay\u0131p, i\u015flemin veya ileti\u015fimin gecikmesi, bilgisayar vir\u00fcs\u00fc, ileti\u015fim hatas\u0131, h\u0131rs\u0131zl\u0131k, imha veya izinsiz olarak kay\u0131tlara girilmesi, de\u011fi\u015ftirilmesi veya kullan\u0131lmas\u0131 hususunda herhangi bir sorumluluk kabul etmez. Site\u2019de mevcut olan bilgilerin do\u011fruluk ve g\u00fcncelli\u011fini s\u00fcrekli \u015fekilde kontrol etmektedir. Ancak t\u00fcm itinal\u0131 \u00e7al\u0131\u015fmaya ra\u011fmen, Site\u2019deki bilgiler fiili de\u011fi\u015fikliklerin gerisinde kalabilir. Site\u2019deki bilgi ve i\u00e7eriklerim g\u00fcncelli\u011fi, do\u011frulu\u011fu, \u015fartlar\u0131, kalitesi, performans\u0131, pazarlanabilirli\u011fi, yorum ve g\u00f6r\u00fc\u015flerin belli bir amaca uygunlu\u011fu ve bunlarla s\u0131n\u0131rl\u0131 olmayan, bunlarla ba\u011flant\u0131l\u0131 veya ba\u011f\u0131ms\u0131z di\u011fer bilgi, hizmet veya i\u00e7eriklere etkisi ile taml\u0131\u011f\u0131 hakk\u0131nda herhangi bir sarih ya da z\u0131mni garanti vermemekte ve taahh\u00fctte bulunulmamaktad\u0131r.<\/p>\n<p>Site \u00fczerinden ba\u015fka sitelere link verilmesi m\u00fcmk\u00fcnd\u00fcr.hizliserisayfa.com link verilen sayfalardaki bilgilerin do\u011frulu\u011funu garanti etmemekte, herhangi bir taahh\u00fctte bulunmamakla birlikte, bu t\u00fcr link verilen sayfalara eri\u015fimi, kendi yaz\u0131l\u0131 muvafakatine ba\u011flayabilece\u011fi gibi, uygun g\u00f6rmeyece\u011fi linklere eri\u015fimi her zaman kesebilir. Bu siteleri kullan\u0131mla do\u011fabilecek zararlar kullan\u0131c\u0131n\u0131n kendi sorumlulu\u011fundad\u0131r.<\/p>\n<p>Site\u2019nin (aray\u00fcz, ilan veri taban\u0131, i\u00e7erik veri taban\u0131, tasar\u0131m, metin, imge, html kodu ve di\u011fer kodlar da dahil ve fakat bunlarla s\u0131n\u0131rl\u0131 olmamak kayd\u0131yla) t\u00fcm elemanlar\u0131 hizliserisayfa.com\u2019a ait ve\/veya usul\u00fcne uygun olarak \u00fc\u00e7\u00fcnc\u00fc bir ki\u015fiden al\u0131nan lisans hakk\u0131 alt\u0131nda kullan\u0131lmaktad\u0131r. Site\u2019de yer alan bilgilerin ve telif haklar\u0131na tabi \u00e7al\u0131\u015fmalar\u0131n\u0131n yeniden sat\u0131\u015f\u0131, payla\u015f\u0131lmas\u0131, da\u011f\u0131t\u0131lmas\u0131, sergilenmesi ve \u00fc\u00e7\u00fcnc\u00fc ki\u015filerin eri\u015fimine sunulmas\u0131na taraf\u0131ndan izin verilmemektedir. \u0130zin verilmeyen kullan\u0131m\u0131 ger\u00e7ekle\u015ftiren Kullan\u0131c\u0131\/Kullan\u0131c\u0131lar,hizliserisayfa.com\u2019un ve \u00fc\u00e7\u00fcnc\u00fc ki\u015filerin u\u011frad\u0131klar\u0131 zararlar\u0131 mahkeme masraflar\u0131 ve avukatl\u0131k \u00fccreti de dahil olmak \u00fczere kar\u015f\u0131lamakla y\u00fck\u00fcml\u00fc olacaklard\u0131r. Site ve Site \u00fczerindeki uygulamalar\u0131 ve i\u00e7erikleri, bilgileri, telif haklar\u0131na tabi \u00e7al\u0131\u015fmalar\u0131, ticari markalar\u0131, ticari g\u00f6r\u00fcn\u00fcm\u00fc veya Site vas\u0131tas\u0131yla sahip oldu\u011fu her t\u00fcr maddi ve fikri m\u00fclkiyet haklar\u0131 da dahil t\u00fcm malvarl\u0131\u011f\u0131, ayni ve \u015fahsi hak, ticari bilgi ve know-how\u2019a y\u00f6nelik t\u00fcm haklar\u0131 sakl\u0131d\u0131r.<\/p>\n<p>\u0130\u015fbu Yasal Uyar\u0131lar\u0131n herhangi bir h\u00fckm\u00fcn\u00fcn ge\u00e7ersizli\u011fi, yasaya ayk\u0131r\u0131l\u0131\u011f\u0131 ve uygulanamazl\u0131\u011f\u0131, Yasal Uyar\u0131lar\u0131n geri kalan h\u00fck\u00fcmlerinin y\u00fcr\u00fcrl\u00fc\u011f\u00fcn\u00fc etkilemeyecektir.<\/p>\n\n\t\t<\/div>\n\t<\/div>\n<\/div><\/div><\/div><\/div>\n<\/div>","protected":false},"excerpt":{"rendered":"hizliserisayfa.com bundan b\u00f6yle k\u0131saca \u201cSite\u201d olarak an\u0131lacakt\u0131r. L\u00fctfen siteyi kullanmadan \u00f6nce Yasal Uyar\u0131lar\u0131 dikkatle okuyunuz. \u0130\u015fbu site \u00fczerinde her t\u00fcr organizasyon, kullan\u0131m ve tasarruf yetkisi hizliserisayfa.com\u2019a ait olup, siteye girmek ve kullanmakla sitenin kullan\u0131m ve s\u00f6zle\u015fme kurallar\u0131n\u0131 \u201cKullan\u0131c\u0131\/Kullan\u0131c\u0131lar\u201d s\u0131fat\u0131yla (\u201cSite\u201d ye eri\u015fen ger\u00e7ek ve t\u00fczel ki\u015filer) kabul etmi\u015f bulunuyorsunuz. Bu ko\u015fullar\u0131 kabul etmedi\u011finiz taktirde Site\u2019yi...","protected":false},"author":1,"featured_media":0,"parent":0,"menu_order":0,"comment_status":"closed","ping_status":"closed","template":"","meta":{"footnotes":""},"class_list":["post-645","page","type-page","status-publish","hentry"],"_links":{"self":[{"href":"https:\/\/hizliserisayfa.com\/tr\/wp-json\/wp\/v2\/pages\/645","targetHints":{"allow":["GET"]}}],"collection":[{"href":"https:\/\/hizliserisayfa.com\/tr\/wp-json\/wp\/v2\/pages"}],"about":[{"href":"https:\/\/hizliserisayfa.com\/tr\/wp-json\/wp\/v2\/types\/page"}],"author":[{"embeddable":true,"href":"https:\/\/hizliserisayfa.com\/tr\/wp-json\/wp\/v2\/users\/1"}],"replies":[{"embeddable":true,"href":"https:\/\/hizliserisayfa.com\/tr\/wp-json\/wp\/v2\/comments?post=645"}],"version-history":[{"count":1,"href":"https:\/\/hizliserisayfa.com\/tr\/wp-json\/wp\/v2\/pages\/645\/revisions"}],"predecessor-version":[{"id":646,"href":"https:\/\/hizliserisayfa.com\/tr\/wp-json\/wp\/v2\/pages\/645\/revisions\/646"}],"wp:attachment":[{"href":"https:\/\/hizliserisayfa.com\/tr\/wp-json\/wp\/v2\/media?parent=645"}],"curies":[{"name":"wp","href":"https:\/\/api.w.org\/{rel}","templated":true}]}}