{"id":643,"date":"2026-02-05T11:25:10","date_gmt":"2026-02-05T08:25:10","guid":{"rendered":"https:\/\/hizliserisayfa.com\/?page_id=643"},"modified":"2026-02-05T11:25:10","modified_gmt":"2026-02-05T08:25:10","slug":"cerez-politikasi","status":"publish","type":"page","link":"https:\/\/hizliserisayfa.com\/tr\/cerez-politikasi\/","title":{"rendered":"\u00c7erez Politikas\u0131"},"content":{"rendered":"<div class=\"wpb-content-wrapper\"><div class=\"vc_row wpb_row vc_row-fluid\"><div class=\"wpb_column vc_column_container vc_col-sm-12\"><div class=\"vc_column-inner\"><div class=\"wpb_wrapper\">\n\t<div class=\"wpb_text_column wpb_content_element\" >\n\t\t<div class=\"wpb_wrapper\">\n\t\t\t<p>\u00c7erezler, web sunucusu taraf\u0131ndan taray\u0131c\u0131n\u0131z arac\u0131l\u0131\u011f\u0131 ile bilgisayar\u0131n\u0131za yerle\u015ftirilen k\u00fc\u00e7\u00fck veri dosyalar\u0131d\u0131r. Taray\u0131c\u0131n\u0131z ve sunucu aras\u0131nda bir ba\u011flant\u0131 sa\u011fland\u0131\u011f\u0131nda site, \u00e7erezeler arac\u0131l\u0131\u011f\u0131yla sizi tan\u0131r. \u00c7erezlerin kullan\u0131lma amac\u0131, web sitesini ziyaret eden kullan\u0131c\u0131ya kolayl\u0131k sa\u011flamakt\u0131r. Kullan\u0131m ama\u00e7lar\u0131na g\u00f6re d\u00f6rt \u00e7e\u015fit \u00e7erez bulunmaktad\u0131r: Oturum \u00c7erezleri, Performans \u00c7erezleri, Fonksiyonel \u00c7erezler ve Reklam ve \u00dc\u00e7\u00fcnc\u00fc Taraf \u00c7erezleri hizliserisayfa.com kendi web sitelerinde oturum \u00e7erezleri ve kal\u0131c\u0131 \u00e7erezler kullanmaktad\u0131r.<\/p>\n<p>Oturum \u00e7erezleri, kullan\u0131c\u0131n\u0131n hizliserisayfa.com web sitesinden ayr\u0131lana dek taray\u0131c\u0131s\u0131nda tutulan ge\u00e7ici \u00e7erezlerdir. Kal\u0131c\u0131 \u00e7erezler ise kullan\u0131c\u0131 taraf\u0131ndan silinmedi\u011fi s\u00fcrece kullan\u0131c\u0131n\u0131n taray\u0131c\u0131s\u0131nda kalan \u00e7erezlerdir. \u00c7erezlerin \u00f6mr\u00fc, kullan\u0131c\u0131n\u0131n yapm\u0131\u015f oldu\u011fu taray\u0131c\u0131 ayarlar\u0131na ba\u011fl\u0131 olarak de\u011fi\u015fiklik g\u00f6sterir.<\/p>\n<p><strong>\u00c7erez (cookies) T\u00fcr\u00fc \u00c7erezin Fonksiyonu<\/strong><\/p>\n<p><strong>Oturum \u00c7erezleri<\/strong><\/p>\n<p>Bu t\u00fcr \u00e7erezler hizliserisayfa.com sitesinin d\u00fczg\u00fcn bir \u015fekilde \u00e7al\u0131\u015fabilmesi i\u00e7in gereklidir. Web sitesinin ziyaret edilebilmesini ve \u00f6zelliklerinden faydalan\u0131lmas\u0131n\u0131 bu \u00e7erezler sa\u011flar. Oturum \u00e7erezleri, web sitesinde sayfalar aras\u0131nda bilgileri ta\u015f\u0131yabilmek ve bilgileri tekrardan girmek zorunlulu\u011funu ortadan kald\u0131rmak i\u00e7in kullan\u0131lmaktad\u0131r.<\/p>\n<p><strong>Performans \u00c7erezleri<\/strong><\/p>\n<p>Bu \u00e7erezler arac\u0131l\u0131\u011f\u0131yla, sayfalar\u0131n ziyaret s\u0131kl\u0131\u011f\u0131, varsa ilgili hata iletileri, sayfalarda ge\u00e7irilen zaman ve kullan\u0131c\u0131n\u0131n web sitesini kullanma \u015fekliyle ilgili bilgileri toplan\u0131r. Bu bilgiler arac\u0131l\u0131\u011f\u0131yla, web sitesinin performans\u0131n\u0131n artt\u0131r\u0131lmas\u0131 sa\u011flan\u0131r.<\/p>\n<p><strong>Fonksiyonel \u00c7erezler<\/strong><\/p>\n<p>Bu \u00e7erezler ile kullan\u0131c\u0131n\u0131n site i\u00e7inde yapm\u0131\u015f oldu\u011fu se\u00e7eneklerin (\u00d6rn. se\u00e7ilen emlak, vas\u0131ta, telefon vb.) hat\u0131rlanmas\u0131 sa\u011flan\u0131r ve b\u00f6ylelikle kullan\u0131c\u0131ya kolayl\u0131k sa\u011flanm\u0131\u015f olur. Bu \u00e7erezler ile kullan\u0131c\u0131lara geli\u015fmi\u015f web \u00f6zellikleri sa\u011flan\u0131r.<\/p>\n<p><strong>Reklam Ve \u00dc\u00e7\u00fcnc\u00fc Taraf \u00c7erezleri<\/strong><\/p>\n<p>hizliserisayfa.com web sitelerinde baz\u0131 fonksiyonlar\u0131 kullanma amac\u0131yla, \u00fc\u00e7\u00fcnc\u00fc taraf tedarik\u00e7ilerine ait \u00e7erezleri kullan\u0131l\u0131r. (\u00d6rnek olarak, promosyon sayfalar\u0131nda yer alan sosyal medya payla\u015f\u0131m ara\u00e7lar\u0131n\u0131n olu\u015fturdu\u011fu \u00e7erezler). Web sitesinde reklam takibi yapan firmalar\u0131n \u00e7erezleri de mevcuttur.<\/p>\n<p>Genel olarak internet taray\u0131c\u0131lar\u0131, \u00e7erezleri otomatik olarak kabul edecek \u015fekilde \u00f6n tan\u0131ml\u0131d\u0131r. Taray\u0131c\u0131lar, \u00e7erezleri engelleyecek veya cihaza \u00e7erez g\u00f6nderildi\u011finde kullan\u0131c\u0131ya uyar\u0131 verecek \u015fekilde ayarlanabilir. \u00c7erezleri y\u00f6netmek taray\u0131c\u0131dan taray\u0131c\u0131ya farkl\u0131l\u0131k g\u00f6sterdi\u011finden ayr\u0131nt\u0131l\u0131 bilgi almak i\u00e7in taray\u0131c\u0131n\u0131n yard\u0131m men\u00fcs\u00fcne bak\u0131labilir.<\/p>\n\n\t\t<\/div>\n\t<\/div>\n<\/div><\/div><\/div><\/div>\n<\/div>","protected":false},"excerpt":{"rendered":"\u00c7erezler, web sunucusu taraf\u0131ndan taray\u0131c\u0131n\u0131z arac\u0131l\u0131\u011f\u0131 ile bilgisayar\u0131n\u0131za yerle\u015ftirilen k\u00fc\u00e7\u00fck veri dosyalar\u0131d\u0131r. Taray\u0131c\u0131n\u0131z ve sunucu aras\u0131nda bir ba\u011flant\u0131 sa\u011fland\u0131\u011f\u0131nda site, \u00e7erezeler arac\u0131l\u0131\u011f\u0131yla sizi tan\u0131r. \u00c7erezlerin kullan\u0131lma amac\u0131, web sitesini ziyaret eden kullan\u0131c\u0131ya kolayl\u0131k sa\u011flamakt\u0131r. Kullan\u0131m ama\u00e7lar\u0131na g\u00f6re d\u00f6rt \u00e7e\u015fit \u00e7erez bulunmaktad\u0131r: Oturum \u00c7erezleri, Performans \u00c7erezleri, Fonksiyonel \u00c7erezler ve Reklam ve \u00dc\u00e7\u00fcnc\u00fc Taraf \u00c7erezleri hizliserisayfa.com kendi...","protected":false},"author":1,"featured_media":0,"parent":0,"menu_order":0,"comment_status":"closed","ping_status":"closed","template":"","meta":{"footnotes":""},"class_list":["post-643","page","type-page","status-publish","hentry"],"_links":{"self":[{"href":"https:\/\/hizliserisayfa.com\/tr\/wp-json\/wp\/v2\/pages\/643","targetHints":{"allow":["GET"]}}],"collection":[{"href":"https:\/\/hizliserisayfa.com\/tr\/wp-json\/wp\/v2\/pages"}],"about":[{"href":"https:\/\/hizliserisayfa.com\/tr\/wp-json\/wp\/v2\/types\/page"}],"author":[{"embeddable":true,"href":"https:\/\/hizliserisayfa.com\/tr\/wp-json\/wp\/v2\/users\/1"}],"replies":[{"embeddable":true,"href":"https:\/\/hizliserisayfa.com\/tr\/wp-json\/wp\/v2\/comments?post=643"}],"version-history":[{"count":1,"href":"https:\/\/hizliserisayfa.com\/tr\/wp-json\/wp\/v2\/pages\/643\/revisions"}],"predecessor-version":[{"id":644,"href":"https:\/\/hizliserisayfa.com\/tr\/wp-json\/wp\/v2\/pages\/643\/revisions\/644"}],"wp:attachment":[{"href":"https:\/\/hizliserisayfa.com\/tr\/wp-json\/wp\/v2\/media?parent=643"}],"curies":[{"name":"wp","href":"https:\/\/api.w.org\/{rel}","templated":true}]}}