{"id":641,"date":"2026-02-05T11:24:21","date_gmt":"2026-02-05T08:24:21","guid":{"rendered":"https:\/\/hizliserisayfa.com\/?page_id=641"},"modified":"2026-02-05T11:24:21","modified_gmt":"2026-02-05T08:24:21","slug":"ilan-vermenin-puf-noktalari","status":"publish","type":"page","link":"https:\/\/hizliserisayfa.com\/tr\/ilan-vermenin-puf-noktalari\/","title":{"rendered":"\u0130lan Vermenin P\u00fcf Noktalar\u0131"},"content":{"rendered":"<div class=\"wpb-content-wrapper\"><div class=\"vc_row wpb_row vc_row-fluid\"><div class=\"wpb_column vc_column_container vc_col-sm-12\"><div class=\"vc_column-inner\"><div class=\"wpb_wrapper\">\n\t<div class=\"wpb_text_column wpb_content_element\" >\n\t\t<div class=\"wpb_wrapper\">\n\t\t\t<p><strong>Do\u011fru Kategoriyi Belirleme<\/strong><\/p>\n<p>\u0130lan kayd\u0131 i\u00e7in ilk ad\u0131m, ilan\u0131n kategorisini do\u011fru belirlemektir. Sadece \u00fcst kategorinin de\u011fil, onun alt\u0131ndaki alt kategori se\u00e7imini do\u011fru yapabilmek de \u00f6nemlidir. \u0130lan\u0131n\u0131z\u0131 uygun \u00fcst ve alt kategorilere yerle\u015ftirmek, al\u0131c\u0131lar\u0131n sizi bulma \u015fans\u0131n\u0131 y\u00fckseltecektir.<\/p>\n<p><strong>Etkili \u0130lan ba\u015fl\u0131\u011f\u0131<\/strong><\/p>\n<p>\u0130lan\u0131n en etkili silahlar\u0131ndan biri. \u0130lan ba\u015fl\u0131\u011f\u0131, ilan\u0131n\u0131za daha kolay eri\u015filmesi ve al\u0131c\u0131lar\u0131n \u00fcr\u00fcn\u00fcn\u00fcze dair kafalar\u0131nda olu\u015fabilecek teredd\u00fctleri \u00f6nlemek a\u00e7\u0131s\u0131ndan en \u00f6nemli unsurlardan biridir. Unutmay\u0131n; al\u0131c\u0131lar \u00f6nce ilan\u0131n\u0131z\u0131n ba\u015fl\u0131\u011f\u0131n\u0131 okurlar. Ba\u015fl\u0131\u011fa \u00fcr\u00fcn\u00fcn\u00fcz\u00fc ifade eden ad, marka, model gibi tan\u0131mlar\u0131 uzun olmadan ve net \u015fekilde yazmal\u0131s\u0131n\u0131z. \u00dcr\u00fcn\u00fcn ad\u0131na ya da markas\u0131na kimi s\u0131fat ve tan\u0131mlar da eklenebilir. Bu tan\u0131mlar\u0131 dikkatle se\u00e7memeniz durumunda al\u0131c\u0131lar \u00fcr\u00fcn\u00fcn\u00fcze g\u00fcven duymayabilir. \u00d6rne\u011fin; \u201c2017 Mercedes E300 Coupe\u201d uygun bir ilan ba\u015fl\u0131\u011f\u0131 \u00f6rne\u011fi olarak verilebilir. Buna ra\u011fmen \u201cMercedes, az kullan\u0131lm\u0131\u015f temiz oto\u201d gibi bir ba\u015fl\u0131k hem \u00fcr\u00fcn\u00fc tan\u0131mlamada hem de ciddi al\u0131c\u0131lar\u0131n ilgisini \u00e7ekmede yetersiz kalaca\u011f\u0131ndan uygun de\u011fildir. \u0130lan ba\u015fl\u0131\u011f\u0131 ne kadar do\u011fru ve a\u00e7\u0131klay\u0131c\u0131 olursa, bulunmas\u0131 o kadar kolayla\u015f\u0131r. Google, Yahoo gibi arama motorlar\u0131 arama yaparken \u00f6ncelikle ilan ba\u015fl\u0131klar\u0131n\u0131 tararlar. Al\u0131c\u0131lar arama motorlar\u0131nda arad\u0131klar\u0131 ilan\u0131n genellikle en belirgin \u00f6zelliklerini belirtirler.<\/p>\n<p><strong>\u0130landa foto\u011fraf ve etkisi<\/strong><\/p>\n<p>Sat\u0131lan \u00fcr\u00fcn ne olursa olsun, unutmay\u0131n ki g\u00f6rsel alg\u0131 \u00e7ok \u00f6nemlidir!\u00a0 \u0130lan detay sayfas\u0131na ula\u015fan al\u0131c\u0131n\u0131n ilk dikkatini \u00e7eken \u015fey foto\u011fraft\u0131r. Bu nedenle sat\u0131lan \u00fcr\u00fcne ait kaliteli, \u00fcr\u00fcn\u00fc \u00e7e\u015fitli a\u00e7\u0131lardan g\u00f6steren ve temsili olmay\u0131p ger\u00e7ek \u00fcr\u00fcne ait foto\u011fraflar al\u0131c\u0131y\u0131 cezbetmek i\u00e7in \u00f6nemli bir unsurdur. \u00d6zen g\u00f6sterilmesi halinde sat\u0131\u015f\u0131n ger\u00e7ekle\u015fme olas\u0131l\u0131\u011f\u0131 artacakt\u0131r.<\/p>\n<p><strong>\u0130lan kriterlerinin se\u00e7imi<\/strong><\/p>\n<p>\u0130lan\u0131 yay\u0131na haz\u0131rlarken ilan kriterlerinin do\u011fru girilmesi &#8220;Detayl\u0131 Arama&#8221; arac\u0131n\u0131 kullanan al\u0131c\u0131lar\u0131 do\u011fru hedefe y\u00f6nlendirecektir. Bu nedenle kriterlerin ger\u00e7ek d\u0131\u015f\u0131 girilmesi al\u0131c\u0131lar\u0131 yan\u0131ltacakt\u0131r. B\u00f6yle durumlarda kullan\u0131c\u0131lar Hatal\u0131 \u0130lan Bildiriminde bulunuyorlar. Buna neden olmamak i\u00e7in bilgilerin do\u011fru girilmesi b\u00fcy\u00fck \u00f6nem ta\u015f\u0131yor.<\/p>\n<p><strong>Yeterli \u0130lan a\u00e7\u0131klamas\u0131<\/strong><\/p>\n<p>\u0130lan kriterlerinde yer almayan, ama sat\u0131lan \u00fcr\u00fcne ait \u00f6nemli oldu\u011funu d\u00fc\u015f\u00fcnd\u00fc\u011f\u00fcn\u00fcz bilgileri &#8220;A\u00e7\u0131klama&#8221; k\u0131sm\u0131na girebilirsiniz. A\u00e7\u0131klamalar b\u00f6l\u00fcm\u00fcnde \u00fcr\u00fcne dair t\u00fcm detaylar\u0131 eksiksiz ve net ifadelerle yazmal\u0131s\u0131n\u0131z. \u00dcr\u00fcne ait kusurlar veya defolar, hasarlar varsa bunlar\u0131 saklamadan d\u00fcr\u00fcst\u00e7e ifade etmelisiniz. Bu sayede genel ve ticari anlamda size olan g\u00fcveni artt\u0131racaks\u0131n\u0131z. \u00dcr\u00fcn a\u00e7\u0131klamalar\u0131n\u0131 ne kadar geni\u015f tutarsan\u0131z, al\u0131c\u0131lar\u0131n soru i\u015faretlerini de o kadar azaltm\u0131\u015f olursunuz. Arka arkaya standart punto ve karakter yazmak yerine, metin bi\u00e7imlendirme arac\u0131 ile vurgulamak istedi\u011finiz noktalar\u0131 belirtmeniz \u00f6nemlidir. \u00d6rne\u011fin : Farkl\u0131 renk kullanabilirsiniz, ba\u015fl\u0131klar\u0131n b\u00fcy\u00fckl\u00fcklerini de\u011fi\u015ftirebilirsiniz. Buna benzer \u00e7e\u015fitli ufak d\u00fczenlemelerle al\u0131c\u0131lar\u0131 daha fazla etkileyebilirsiniz.<\/p>\n<p><strong>Uygun Fiyat Belirleme<\/strong><\/p>\n<p>\u00dcr\u00fcn\u00fcn\u00fcz i\u00e7in diledi\u011finiz fiyat\u0131 isteyebilirsiniz, bu serbest ticaretin gere\u011fidir. Sat\u0131c\u0131 diledi\u011fi fiyat\u0131 koymakta, al\u0131c\u0131 da b\u00fct\u00e7esine en uygun fiyat\u0131 olan \u00fcr\u00fcne y\u00f6nelmekte \u00f6zg\u00fcrd\u00fcr. Fakat yanl\u0131\u015f fiyat politikas\u0131 i\u015finizi olduk\u00e7a zorla\u015ft\u0131rabilir. \u00dcr\u00fcn fiyatland\u0131rma konusunda &#8220;benzer \u00fcr\u00fcnlerin fiyatlar\u0131n\u0131&#8221; baz al\u0131n\u0131z. Bu sayede \u00fcr\u00fcn\u00fcn\u00fcz\u00fcn rayi\u00e7 fiyat\u0131 konusunda fikir sahibi olabilirsiniz. Fiyat\u0131 belirlerken \u00fcr\u00fcn\u00fcn\u00fcz\u00fcn eksiklikleri (hasar, y\u0131pranma vs.) veya emsallerinde olmayan farkl\u0131 \u00f6zellikleri varsa bunlar\u0131 g\u00f6z \u00f6n\u00fcnde bulundurunuz.<\/p>\n<p><strong>Do\u011fru fiyat = H\u0131zl\u0131 Sonu\u00e7<\/strong><\/p>\n\n\t\t<\/div>\n\t<\/div>\n<\/div><\/div><\/div><\/div>\n<\/div>","protected":false},"excerpt":{"rendered":"Do\u011fru Kategoriyi Belirleme \u0130lan kayd\u0131 i\u00e7in ilk ad\u0131m, ilan\u0131n kategorisini do\u011fru belirlemektir. Sadece \u00fcst kategorinin de\u011fil, onun alt\u0131ndaki alt kategori se\u00e7imini do\u011fru yapabilmek de \u00f6nemlidir. \u0130lan\u0131n\u0131z\u0131 uygun \u00fcst ve alt kategorilere yerle\u015ftirmek, al\u0131c\u0131lar\u0131n sizi bulma \u015fans\u0131n\u0131 y\u00fckseltecektir. Etkili \u0130lan ba\u015fl\u0131\u011f\u0131 \u0130lan\u0131n en etkili silahlar\u0131ndan biri. \u0130lan ba\u015fl\u0131\u011f\u0131, ilan\u0131n\u0131za daha kolay eri\u015filmesi ve al\u0131c\u0131lar\u0131n \u00fcr\u00fcn\u00fcn\u00fcze dair...","protected":false},"author":1,"featured_media":0,"parent":0,"menu_order":0,"comment_status":"closed","ping_status":"closed","template":"","meta":{"footnotes":""},"class_list":["post-641","page","type-page","status-publish","hentry"],"_links":{"self":[{"href":"https:\/\/hizliserisayfa.com\/tr\/wp-json\/wp\/v2\/pages\/641","targetHints":{"allow":["GET"]}}],"collection":[{"href":"https:\/\/hizliserisayfa.com\/tr\/wp-json\/wp\/v2\/pages"}],"about":[{"href":"https:\/\/hizliserisayfa.com\/tr\/wp-json\/wp\/v2\/types\/page"}],"author":[{"embeddable":true,"href":"https:\/\/hizliserisayfa.com\/tr\/wp-json\/wp\/v2\/users\/1"}],"replies":[{"embeddable":true,"href":"https:\/\/hizliserisayfa.com\/tr\/wp-json\/wp\/v2\/comments?post=641"}],"version-history":[{"count":1,"href":"https:\/\/hizliserisayfa.com\/tr\/wp-json\/wp\/v2\/pages\/641\/revisions"}],"predecessor-version":[{"id":642,"href":"https:\/\/hizliserisayfa.com\/tr\/wp-json\/wp\/v2\/pages\/641\/revisions\/642"}],"wp:attachment":[{"href":"https:\/\/hizliserisayfa.com\/tr\/wp-json\/wp\/v2\/media?parent=641"}],"curies":[{"name":"wp","href":"https:\/\/api.w.org\/{rel}","templated":true}]}}