{"id":3,"date":"2026-02-03T15:18:23","date_gmt":"2026-02-03T12:18:23","guid":{"rendered":"https:\/\/hizliserisayfa.com\/?page_id=3"},"modified":"2026-02-04T12:58:54","modified_gmt":"2026-02-04T09:58:54","slug":"gizlilik-ilkesi","status":"publish","type":"page","link":"https:\/\/hizliserisayfa.com\/tr\/gizlilik-ilkesi\/","title":{"rendered":"Gizlilik Politikas\u0131"},"content":{"rendered":"<div class=\"wpb-content-wrapper\"><div class=\"vc_row wpb_row vc_row-fluid\"><div class=\"wpb_column vc_column_container vc_col-sm-12\"><div class=\"vc_column-inner\"><div class=\"wpb_wrapper\">\n\t<div class=\"wpb_text_column wpb_content_element\" >\n\t\t<div class=\"wpb_wrapper\">\n\t\t\t<p>www.hizliserisayfa.com, hizmetlerini en verimli \u015fekilde sunabilmek i\u00e7in ki\u015fisel bilgilerinizi (isim, telefon, adres, vs. ) talep etmektedir. M\u00fc\u015fterilere ait bu gibi bilgilere, \u00fc\u00e7\u00fcnc\u00fc ki\u015filerin ula\u015fmas\u0131 m\u00fcmk\u00fcn de\u011fildir. Bu \u00e7er\u00e7evede toplanan ve saklanan bu bilgiler sadece www.hizliserisayfa.com b\u00fcnyesinde verilen hizmetler i\u00e7in kullan\u0131lmaktad\u0131r.<\/p>\n<p>www.hizliserisayfa.com site i\u00e7erisinde ger\u00e7ekle\u015ftirilen t\u00fcm faaliyetler s\u00fcresince toplad\u0131\u011f\u0131 bilgileri, m\u00fc\u015fterinin haberi ya da aksi bir talimat\u0131 olmas\u0131na gerek olmadan, \u00fc\u00e7\u00fcnc\u00fc \u015fah\u0131slarla kesinlikle payla\u015fmamaktad\u0131r, faaliyet d\u0131\u015f\u0131 hi\u00e7bir nedenle ticari ama\u00e7la kullanmamakta ve satmamaktad\u0131r.<\/p>\n<p>www.hizliserisayfa.com taraf\u0131ndan g\u00f6nderilen t\u00fcm promosyon maillerinin i\u00e7eri\u011finde bulunan ba\u011flant\u0131 ile, m\u00fc\u015fteri bu t\u00fcr bilgilendirmeler almamak i\u00e7in sistemden \u00e7\u0131kart\u0131lmas\u0131n\u0131 isteyebilirler.<\/p>\n<p>M\u00fc\u015fteri bilgileri, ancak resmi makamlar taraf\u0131ndan, resmi bir gerek\u00e7e ile talep edilmesi halinde ve y\u00fcr\u00fcrl\u00fckteki mevzuat h\u00fck\u00fcmleri gere\u011fince resmi makamlara a\u00e7\u0131klama yapmak zorunda oldu\u011fu durumlarda resmi makamlar ile payla\u015f\u0131lacakt\u0131r.<\/p>\n<p>\u00d6deme sayfalar\u0131nda istenen kredi kart\u0131 bilgileri, m\u00fc\u015fterilerimizin g\u00fcvenli\u011fini en \u00fcst seviyede tutmak amac\u0131yla hi\u00e7bir \u015fekilde www.hizliserisayfa.com veya ona hizmet veren \u015firketlerin sunucular\u0131nda tutulmamaktad\u0131r. T\u00fcm \u00f6deme i\u015flemlerinde ilgili bilgiler, site \u00fczerinden do\u011fruca bankaya ait sisteme g\u00f6nderilmekte ve oradan yan\u0131t al\u0131nd\u0131ktan sonra kaydedilmemektedir.<\/p>\n<p>Sitemiz \u00dczerinden \u00fc\u00e7\u00fcnc\u00fc taraf sa\u011flay\u0131c\u0131 olarak Google \u00e7erezlerden yararlanarak reklam yay\u0131nlamaktad\u0131r.<\/p>\n<p>Google&#8217;\u0131n DART \u00e7erezlerini kullanmas\u0131, kendisinin ve ortaklar\u0131n\u0131n kullan\u0131c\u0131lar\u0131n\u0131za, sitenize ve\/veya \u0130nternet&#8217;teki di\u011fer sitelere yapt\u0131klar\u0131 ziyaretlere dayal\u0131 olarak reklam sunmas\u0131na olanak verir.<\/p>\n<p>Kullan\u0131c\u0131lar, Google reklam ve i\u00e7erik a\u011f\u0131 gizlilik politikas\u0131n\u0131 ziyaret ederek DART \u00e7erezi kullan\u0131m\u0131n\u0131 devre d\u0131\u015f\u0131 b\u0131rakabilir.<\/p>\n\n\t\t<\/div>\n\t<\/div>\n<\/div><\/div><\/div><\/div>\n<\/div>","protected":false},"excerpt":{"rendered":"www.hizliserisayfa.com, hizmetlerini en verimli \u015fekilde sunabilmek i\u00e7in ki\u015fisel bilgilerinizi (isim, telefon, adres, vs. ) talep etmektedir. M\u00fc\u015fterilere ait bu gibi bilgilere, \u00fc\u00e7\u00fcnc\u00fc ki\u015filerin ula\u015fmas\u0131 m\u00fcmk\u00fcn de\u011fildir. Bu \u00e7er\u00e7evede toplanan ve saklanan bu bilgiler sadece www.hizliserisayfa.com b\u00fcnyesinde verilen hizmetler i\u00e7in kullan\u0131lmaktad\u0131r. www.hizliserisayfa.com site i\u00e7erisinde ger\u00e7ekle\u015ftirilen t\u00fcm faaliyetler s\u00fcresince toplad\u0131\u011f\u0131 bilgileri, m\u00fc\u015fterinin haberi ya da aksi bir...","protected":false},"author":1,"featured_media":0,"parent":0,"menu_order":0,"comment_status":"closed","ping_status":"open","template":"","meta":{"footnotes":""},"class_list":["post-3","page","type-page","status-publish","hentry"],"_links":{"self":[{"href":"https:\/\/hizliserisayfa.com\/tr\/wp-json\/wp\/v2\/pages\/3","targetHints":{"allow":["GET"]}}],"collection":[{"href":"https:\/\/hizliserisayfa.com\/tr\/wp-json\/wp\/v2\/pages"}],"about":[{"href":"https:\/\/hizliserisayfa.com\/tr\/wp-json\/wp\/v2\/types\/page"}],"author":[{"embeddable":true,"href":"https:\/\/hizliserisayfa.com\/tr\/wp-json\/wp\/v2\/users\/1"}],"replies":[{"embeddable":true,"href":"https:\/\/hizliserisayfa.com\/tr\/wp-json\/wp\/v2\/comments?post=3"}],"version-history":[{"count":1,"href":"https:\/\/hizliserisayfa.com\/tr\/wp-json\/wp\/v2\/pages\/3\/revisions"}],"predecessor-version":[{"id":516,"href":"https:\/\/hizliserisayfa.com\/tr\/wp-json\/wp\/v2\/pages\/3\/revisions\/516"}],"wp:attachment":[{"href":"https:\/\/hizliserisayfa.com\/tr\/wp-json\/wp\/v2\/media?parent=3"}],"curies":[{"name":"wp","href":"https:\/\/api.w.org\/{rel}","templated":true}]}}