{"id":219,"date":"2017-12-14T06:19:45","date_gmt":"2017-12-14T06:19:45","guid":{"rendered":"https:\/\/jobunt.com\/\/?page_id=522"},"modified":"2026-02-03T21:20:42","modified_gmt":"2026-02-03T18:20:42","slug":"hakkimizda","status":"publish","type":"page","link":"https:\/\/hizliserisayfa.com\/tr\/hakkimizda\/","title":{"rendered":"Hakk\u0131m\u0131zda"},"content":{"rendered":"<div class=\"wpb-content-wrapper\"><div class=\"vc_row wpb_row vc_row-fluid vc_custom_1513347932803\"><div class=\"wpb_column vc_column_container vc_col-sm-12\"><div class=\"vc_column-inner\"><div class=\"wpb_wrapper\">        <div class=\"row\">\r\n            <div class=\"col-md-6 careerfy-typo-wrap\">\r\n                <div class=\"careerfy-about-text\">\r\n                                            <h2 >HAKKIMIZDA<\/h2>\r\n                                                <span class=\"careerfy-about-sub\" >H\u0131zl\u0131 Seri Sayfa, al\u0131c\u0131 ve sat\u0131c\u0131y\u0131 h\u0131zl\u0131, g\u00fcvenli ve pratik \u015fekilde bulu\u015fturan yenilik\u00e7i bir ilan platformudur.<\/span>\r\n                                        <p ><\/p>\n<p data-start=\"177\" data-end=\"444\">Emlaktan otomotive, ikinci el e\u015fyadan hizmet sekt\u00f6r\u00fcne kadar geni\u015f kategori yelpazemizle herkesin arad\u0131\u011f\u0131 \u00fcr\u00fcne veya m\u00fc\u015fteriye kolayca ula\u015fmas\u0131n\u0131 sa\u011fl\u0131yoruz.<\/p>\n<p data-start=\"446\" data-end=\"719\">G\u00fcn\u00fcm\u00fczde zaman en de\u011ferli \u015fey. Biz de bu bilin\u00e7le, ilan verme ve ilan bulma s\u00fcrecini m\u00fcmk\u00fcn olan en basit hale getirdik. Kullan\u0131c\u0131 dostu aray\u00fcz\u00fcm\u00fcz sayesinde dakikalar i\u00e7inde ilan yay\u0131nlayabilir, filtreleme se\u00e7enekleriyle arad\u0131\u011f\u0131n\u0131z \u00fcr\u00fcne saniyeler i\u00e7inde ula\u015fabilirsiniz.<\/p>\n<p><\/p>\r\n                                            <a href=\"https:\/\/hizliserisayfa.com\/tr\/ilan-ekle\/\"\r\n                           class=\"careerfy-static-btn careerfy-bgcolor\"><span>H\u0131zl\u0131 \u0130lan Ver<\/span><\/a>\r\n                                        <\/div>\r\n            <\/div>\r\n                            <div class=\"col-md-6 careerfy-typo-wrap\">\r\n                    <div class=\"careerfy-about-thumb\"><img decoding=\"async\" src=\"https:\/\/hizliserisayfa.com\/wp-content\/uploads\/2017\/12\/about-us-thumb-1.png\" alt=\"\"><\/div>\r\n                <\/div>\r\n                <!--ends here-->\r\n                    <\/div>\r\n        <\/div><\/div><\/div><\/div>\n<\/div>","protected":false},"excerpt":{"rendered":"HAKKIMIZDA H\u0131zl\u0131 Seri Sayfa, al\u0131c\u0131 ve sat\u0131c\u0131y\u0131 h\u0131zl\u0131, g\u00fcvenli ve pratik \u015fekilde bulu\u015fturan yenilik\u00e7i bir ilan platformudur. Emlaktan otomotive, ikinci el e\u015fyadan hizmet sekt\u00f6r\u00fcne kadar geni\u015f kategori yelpazemizle herkesin arad\u0131\u011f\u0131 \u00fcr\u00fcne veya m\u00fc\u015fteriye kolayca ula\u015fmas\u0131n\u0131 sa\u011fl\u0131yoruz. G\u00fcn\u00fcm\u00fczde zaman en de\u011ferli \u015fey. Biz de bu bilin\u00e7le, ilan verme ve ilan bulma s\u00fcrecini m\u00fcmk\u00fcn olan en basit...","protected":false},"author":1,"featured_media":0,"parent":0,"menu_order":0,"comment_status":"closed","ping_status":"closed","template":"","meta":{"footnotes":""},"class_list":["post-219","page","type-page","status-publish","hentry"],"_links":{"self":[{"href":"https:\/\/hizliserisayfa.com\/tr\/wp-json\/wp\/v2\/pages\/219","targetHints":{"allow":["GET"]}}],"collection":[{"href":"https:\/\/hizliserisayfa.com\/tr\/wp-json\/wp\/v2\/pages"}],"about":[{"href":"https:\/\/hizliserisayfa.com\/tr\/wp-json\/wp\/v2\/types\/page"}],"author":[{"embeddable":true,"href":"https:\/\/hizliserisayfa.com\/tr\/wp-json\/wp\/v2\/users\/1"}],"replies":[{"embeddable":true,"href":"https:\/\/hizliserisayfa.com\/tr\/wp-json\/wp\/v2\/comments?post=219"}],"version-history":[{"count":3,"href":"https:\/\/hizliserisayfa.com\/tr\/wp-json\/wp\/v2\/pages\/219\/revisions"}],"predecessor-version":[{"id":425,"href":"https:\/\/hizliserisayfa.com\/tr\/wp-json\/wp\/v2\/pages\/219\/revisions\/425"}],"wp:attachment":[{"href":"https:\/\/hizliserisayfa.com\/tr\/wp-json\/wp\/v2\/media?parent=219"}],"curies":[{"name":"wp","href":"https:\/\/api.w.org\/{rel}","templated":true}]}}