{"id":217,"date":"2017-12-14T11:20:38","date_gmt":"2017-12-14T11:20:38","guid":{"rendered":"https:\/\/jobunt.com\/\/?page_id=545"},"modified":"2026-02-06T09:48:32","modified_gmt":"2026-02-06T06:48:32","slug":"paketler","status":"publish","type":"page","link":"https:\/\/hizliserisayfa.com\/tr\/paketler\/","title":{"rendered":"Paketler"},"content":{"rendered":"<div class=\"wpb-content-wrapper\"><div class=\"vc_row wpb_row vc_row-fluid vc_custom_1770150337865\"><div class=\"wpb_column vc_column_container vc_col-sm-12\"><div class=\"vc_column-inner\"><div class=\"wpb_wrapper\">        <section class=\"careerfy-fancy-title\">\r\n                \r\n        <h2>\u0130LAN PAKETLER\u0130<\/h2>\r\n                    <p>\u0130htiyac\u0131n\u0131za uygun ilan paketlerimizi inceleyebilir ve hemen sat\u0131n alabilirsiniz.<\/p>\r\n                    <\/section>\r\n\r\n        \r\n        \r\n        <div class=\"row\">\r\n                                <div class=\"col-md-3\">\r\n                        <div class=\"careerfy-packages-priceplane\">\r\n                            <h2>\u00dcCRETS\u0130Z<\/h2>\r\n                            <div class=\"packages-priceplane-price\">\r\n                                <strong>Free<\/strong>                            <\/div>\r\n                                                            <ul>\r\n                                                                                <li class=\"active\"><i\r\n                                                        class=\"careerfy-icon careerfy-check-square\"><\/i> 1 Y\u0131l Ge\u00e7erli                                            <\/li>\r\n                                                                                        <li class=\"active\"><i\r\n                                                        class=\"careerfy-icon careerfy-check-square\"><\/i> KDV Dahil                                            <\/li>\r\n                                                                                        <li class=\"active\"><i\r\n                                                        class=\"careerfy-icon careerfy-check-square\"><\/i> 1 \u0130lan Hakk\u0131                                            <\/li>\r\n                                                                                        <li class=\"active\"><i\r\n                                                        class=\"careerfy-icon careerfy-check-square\"><\/i> Yay\u0131n S\u00fcresi: 30 G\u00fcn                                            <\/li>\r\n                                                                                        <li><i\r\n                                                        class=\"careerfy-icon careerfy-check-square\"><\/i> Premium Destek Yok                                            <\/li>\r\n                                                                            <\/ul>\r\n                                \r\n                                                            <a href=\"javascript:void(0);\"\r\n                                   class=\"careerfy-packages-priceplane-btn jobsearch-open-signin-tab jobsearch-wredirct-url jobsearch-pkg-bouybtn\"\r\n                                   data-wredircto=\"https:\/\/hizliserisayfa.com\/tr\/wp-json\/wp\/v2\/pages\/217\"\r\n                                   data-id=\"536\">Sign up<\/a>\r\n                                                    <\/div>\r\n                    <\/div>\r\n                                        <div class=\"col-md-3\">\r\n                        <div class=\"careerfy-packages-priceplane\">\r\n                            <h2>Ba\u015flang\u0131\u00e7<\/h2>\r\n                            <div class=\"packages-priceplane-price\">\r\n                                <strong>199.00&nbsp;&#8378;<\/strong>                                    <span>Ayl\u0131k<\/span>\r\n                                                                <\/div>\r\n                                                            <ul>\r\n                                                                                <li class=\"active\"><i\r\n                                                        class=\"careerfy-icon careerfy-check-square\"><\/i> 1 Y\u0131l Ge\u00e7erli                                            <\/li>\r\n                                                                                        <li class=\"active\"><i\r\n                                                        class=\"careerfy-icon careerfy-check-square\"><\/i> KDV Dahil                                            <\/li>\r\n                                                                                        <li class=\"active\"><i\r\n                                                        class=\"careerfy-icon careerfy-check-square\"><\/i> 2 \u0130lan Hakk\u0131                                            <\/li>\r\n                                                                                        <li class=\"active\"><i\r\n                                                        class=\"careerfy-icon careerfy-check-square\"><\/i> Yay\u0131n S\u00fcresi: 30 G\u00fcn                                            <\/li>\r\n                                                                                        <li><i\r\n                                                        class=\"careerfy-icon careerfy-check-square\"><\/i> Premium Destek Yok                                            <\/li>\r\n                                                                            <\/ul>\r\n                                \r\n                                                            <a href=\"javascript:void(0);\"\r\n                                   class=\"careerfy-packages-priceplane-btn jobsearch-open-signin-tab jobsearch-wredirct-url jobsearch-pkg-bouybtn\"\r\n                                   data-wredircto=\"https:\/\/hizliserisayfa.com\/tr\/wp-json\/wp\/v2\/pages\/217\"\r\n                                   data-id=\"295\">Sign up<\/a>\r\n                                                    <\/div>\r\n                    <\/div>\r\n                                        <div class=\"col-md-3\">\r\n                        <div class=\"careerfy-packages-priceplane active\">\r\n                            <h2>Standart<\/h2>\r\n                            <div class=\"packages-priceplane-price\">\r\n                                <strong>299.00&nbsp;&#8378;<\/strong>                                    <span>Ayl\u0131k<\/span>\r\n                                                                <\/div>\r\n                                                            <ul>\r\n                                                                                <li class=\"active\"><i\r\n                                                        class=\"careerfy-icon careerfy-check-square\"><\/i> 1 Y\u0131l Ge\u00e7erli                                            <\/li>\r\n                                                                                        <li class=\"active\"><i\r\n                                                        class=\"careerfy-icon careerfy-check-square\"><\/i> KDV Dahil                                            <\/li>\r\n                                                                                        <li class=\"active\"><i\r\n                                                        class=\"careerfy-icon careerfy-check-square\"><\/i> 3 \u0130lan Hakk\u0131                                            <\/li>\r\n                                                                                        <li class=\"active\"><i\r\n                                                        class=\"careerfy-icon careerfy-check-square\"><\/i> Yay\u0131n S\u00fcresi: 60 G\u00fcn                                            <\/li>\r\n                                                                                        <li class=\"active\"><i\r\n                                                        class=\"careerfy-icon careerfy-check-square\"><\/i> 7\/24 Premium Destek                                            <\/li>\r\n                                                                            <\/ul>\r\n                                \r\n                                                            <a href=\"javascript:void(0);\"\r\n                                   class=\"careerfy-packages-priceplane-btn jobsearch-open-signin-tab jobsearch-wredirct-url jobsearch-pkg-bouybtn\"\r\n                                   data-wredircto=\"https:\/\/hizliserisayfa.com\/tr\/wp-json\/wp\/v2\/pages\/217\"\r\n                                   data-id=\"290\">Sign up<\/a>\r\n                                                    <\/div>\r\n                    <\/div>\r\n                                        <div class=\"col-md-3\">\r\n                        <div class=\"careerfy-packages-priceplane\">\r\n                            <h2>Premium<\/h2>\r\n                            <div class=\"packages-priceplane-price\">\r\n                                <strong>399.00&nbsp;&#8378;<\/strong>                                    <span>Ayl\u0131k<\/span>\r\n                                                                <\/div>\r\n                                                            <ul>\r\n                                                                                <li class=\"active\"><i\r\n                                                        class=\"careerfy-icon careerfy-check-square\"><\/i> 1 Y\u0131l Ge\u00e7erli                                            <\/li>\r\n                                                                                        <li class=\"active\"><i\r\n                                                        class=\"careerfy-icon careerfy-check-square\"><\/i> KDV Dahil                                            <\/li>\r\n                                                                                        <li class=\"active\"><i\r\n                                                        class=\"careerfy-icon careerfy-check-square\"><\/i> 5 \u0130lan Hakk\u0131                                            <\/li>\r\n                                                                                        <li class=\"active\"><i\r\n                                                        class=\"careerfy-icon careerfy-check-square\"><\/i> Yay\u0131n S\u00fcresi: 90 G\u00fcn                                            <\/li>\r\n                                                                                        <li class=\"active\"><i\r\n                                                        class=\"careerfy-icon careerfy-check-square\"><\/i> 7\/24 Premium Destek                                            <\/li>\r\n                                                                            <\/ul>\r\n                                \r\n                                                            <a href=\"javascript:void(0);\"\r\n                                   class=\"careerfy-packages-priceplane-btn jobsearch-open-signin-tab jobsearch-wredirct-url jobsearch-pkg-bouybtn\"\r\n                                   data-wredircto=\"https:\/\/hizliserisayfa.com\/tr\/wp-json\/wp\/v2\/pages\/217\"\r\n                                   data-id=\"296\">Sign up<\/a>\r\n                                                    <\/div>\r\n                    <\/div>\r\n                    \r\n        <\/div>\r\n        \n<\/div><\/div><\/div><\/div>\n<\/div>","protected":false},"excerpt":{"rendered":"\u0130LAN PAKETLER\u0130 \u0130htiyac\u0131n\u0131za uygun ilan paketlerimizi inceleyebilir ve hemen sat\u0131n alabilirsiniz. \u00dccretsiz Free 1 Y\u0131l Ge\u00e7erli KDV Dahil 1 \u0130lan Hakk\u0131 Yay\u0131n S\u00fcresi: 30 G\u00fcn Premium Destek Yok Sign up Ba\u015flang\u0131\u00e7 199.00&nbsp;&#8378; Ayl\u0131k 1 Y\u0131l Ge\u00e7erli KDV Dahil 2 \u0130lan Hakk\u0131 Yay\u0131n S\u00fcresi: 30 G\u00fcn Premium Destek Yok Sign up Standart 299.00&nbsp;&#8378; Ayl\u0131k 1 Y\u0131l...","protected":false},"author":1,"featured_media":0,"parent":0,"menu_order":0,"comment_status":"closed","ping_status":"closed","template":"","meta":{"footnotes":""},"class_list":["post-217","page","type-page","status-publish","hentry"],"_links":{"self":[{"href":"https:\/\/hizliserisayfa.com\/tr\/wp-json\/wp\/v2\/pages\/217","targetHints":{"allow":["GET"]}}],"collection":[{"href":"https:\/\/hizliserisayfa.com\/tr\/wp-json\/wp\/v2\/pages"}],"about":[{"href":"https:\/\/hizliserisayfa.com\/tr\/wp-json\/wp\/v2\/types\/page"}],"author":[{"embeddable":true,"href":"https:\/\/hizliserisayfa.com\/tr\/wp-json\/wp\/v2\/users\/1"}],"replies":[{"embeddable":true,"href":"https:\/\/hizliserisayfa.com\/tr\/wp-json\/wp\/v2\/comments?post=217"}],"version-history":[{"count":13,"href":"https:\/\/hizliserisayfa.com\/tr\/wp-json\/wp\/v2\/pages\/217\/revisions"}],"predecessor-version":[{"id":823,"href":"https:\/\/hizliserisayfa.com\/tr\/wp-json\/wp\/v2\/pages\/217\/revisions\/823"}],"wp:attachment":[{"href":"https:\/\/hizliserisayfa.com\/tr\/wp-json\/wp\/v2\/media?parent=217"}],"curies":[{"name":"wp","href":"https:\/\/api.w.org\/{rel}","templated":true}]}}