{"id":213,"date":"2017-12-15T06:57:54","date_gmt":"2017-12-15T06:57:54","guid":{"rendered":"https:\/\/jobunt.com\/\/?page_id=582"},"modified":"2026-02-05T13:09:56","modified_gmt":"2026-02-05T10:09:56","slug":"iletisim","status":"publish","type":"page","link":"https:\/\/hizliserisayfa.com\/tr\/iletisim\/","title":{"rendered":"\u0130leti\u015fim"},"content":{"rendered":"<div class=\"wpb-content-wrapper\"><div class=\"vc_row wpb_row vc_row-fluid vc_custom_1770142163874\"><div class=\"wpb_column vc_column_container vc_col-sm-12\"><div class=\"vc_column-inner\"><div class=\"wpb_wrapper\">\n\t<div class=\"wpb_text_column wpb_content_element\" >\n\t\t<div class=\"wpb_wrapper\">\n\t\t\t<p><iframe loading=\"lazy\" style=\"border: 0;\" src=\"https:\/\/www.google.com\/maps\/embed?pb=!1m18!1m12!1m3!1d385399.3520147195!2d28.682532975247995!3d41.004851951724596!2m3!1f0!2f0!3f0!3m2!1i1024!2i768!4f13.1!3m3!1m2!1s0x14caa7040068086b%3A0xe1ccfe98bc01b0d0!2zxLBzdGFuYnVs!5e0!3m2!1str!2str!4v1770141955278!5m2!1str!2str\" width=\"%100\" height=\"400\" allowfullscreen=\"allowfullscreen\"><\/iframe><\/p>\n\n\t\t<\/div>\n\t<\/div>\n<\/div><\/div><\/div><\/div><div class=\"vc_row wpb_row vc_row-fluid\"><div class=\"wpb_column vc_column_container vc_col-sm-12\"><div class=\"vc_column-inner vc_custom_1513342549016\"><div class=\"wpb_wrapper\">    <div class=\"careerfy-contact-info-sec\">\r\n                    <h2>\u0130leti\u015fim Bilgileri<\/h2>\r\n                        <p>\u0130lan sistemi hakk\u0131nda diledi\u011finiz her \u015feyi sorabilirsiniz.<\/p>\r\n                    <ul class=\"careerfy-contact-info-list\">\r\n                            <li><i class=\"careerfy-icon careerfy-map-marker\"><\/i> T\u00fcrkiye<\/li>\r\n                                <li><i class=\"careerfy-icon careerfy-envelope\"><\/i> <a\r\n                            href=\"mailto:info@hizliserisayfa.com\">Email: info@hizliserisayfa.com<\/a>\r\n                <\/li>\r\n                                <li>\r\n                    <i class=\"careerfy-icon careerfy-technology\"><\/i> Call: 0533 333 33 33                <\/li>\r\n                        <\/ul>\r\n                    <div class=\"careerfy-contact-media\">\r\n                            <\/div>\r\n            <\/div>\r\n    <div class=\"careerfy-contact-form\">\r\n                    <h2>\u0130leti\u015fim Formu<\/h2>\r\n                        <form autocomplete=\"off\" id=\"ct-form-66102463\"\r\n                  data-ajax-url=\"https:\/\/hizliserisayfa.com\/wp-admin\/admin-ajax.php\" method=\"post\" action=\"\">\r\n                <ul>\r\n                    <li>\r\n                        <input type=\"text\" name=\"u_name\"\r\n                               placeholder=\"Enter Your Name\">\r\n                        <i class=\"careerfy-icon careerfy-user\"><\/i>\r\n                    <\/li>\r\n                    <li>\r\n                        <input placeholder=\"Subject\" type=\"text\"\r\n                               name=\"u_subject\">\r\n                        <i class=\"careerfy-icon careerfy-user\"><\/i>\r\n                    <\/li>\r\n                    <li>\r\n                        <input placeholder=\"Enter Your Email Address\"\r\n                               type=\"text\" name=\"u_email\">\r\n                        <i class=\"careerfy-icon careerfy-mail\"><\/i>\r\n                    <\/li>\r\n                    <li>\r\n                        <input placeholder=\"Enter Your Phone Number\"\r\n                               type=\"text\" name=\"u_number\">\r\n                        <i class=\"careerfy-icon careerfy-technology\"><\/i>\r\n                    <\/li>\r\n                    <li class=\"careerfy-contact-form-full\">\r\n                        <textarea name=\"u_msg\"\r\n                                  placeholder=\"Enter Your Message\"><\/textarea>\r\n                    <\/li>\r\n                    <li>\r\n                        <input type=\"submit\" class=\"careerfy-ct-form\" data-id=\"66102463\"\r\n                               value=\"Submit\">\r\n                        <span class=\"careerfy-bt-msg careerfy-ct-msg\"><\/span>\r\n                        <input type=\"hidden\" name=\"u_type\" value=\"content\"\/>\r\n                    <\/li>\r\n                <\/ul>\r\n            <input type=\"hidden\" name=\"trp-form-language\" value=\"tr\"\/><\/form>\r\n                <\/div>\r\n    <\/div><\/div><\/div><\/div>\n<\/div>","protected":false},"excerpt":{"rendered":"\u0130leti\u015fim Bilgileri \u0130lan sistemi hakk\u0131nda diledi\u011finiz her \u015feyi sorabilirsiniz. T\u00fcrkiye Email: info@hizliserisayfa.com Call: 0533 333 33 33 \u0130leti\u015fim Formu","protected":false},"author":1,"featured_media":0,"parent":0,"menu_order":0,"comment_status":"closed","ping_status":"closed","template":"","meta":{"footnotes":""},"class_list":["post-213","page","type-page","status-publish","hentry"],"_links":{"self":[{"href":"https:\/\/hizliserisayfa.com\/tr\/wp-json\/wp\/v2\/pages\/213","targetHints":{"allow":["GET"]}}],"collection":[{"href":"https:\/\/hizliserisayfa.com\/tr\/wp-json\/wp\/v2\/pages"}],"about":[{"href":"https:\/\/hizliserisayfa.com\/tr\/wp-json\/wp\/v2\/types\/page"}],"author":[{"embeddable":true,"href":"https:\/\/hizliserisayfa.com\/tr\/wp-json\/wp\/v2\/users\/1"}],"replies":[{"embeddable":true,"href":"https:\/\/hizliserisayfa.com\/tr\/wp-json\/wp\/v2\/comments?post=213"}],"version-history":[{"count":9,"href":"https:\/\/hizliserisayfa.com\/tr\/wp-json\/wp\/v2\/pages\/213\/revisions"}],"predecessor-version":[{"id":771,"href":"https:\/\/hizliserisayfa.com\/tr\/wp-json\/wp\/v2\/pages\/213\/revisions\/771"}],"wp:attachment":[{"href":"https:\/\/hizliserisayfa.com\/tr\/wp-json\/wp\/v2\/media?parent=213"}],"curies":[{"name":"wp","href":"https:\/\/api.w.org\/{rel}","templated":true}]}}