{"id":211,"date":"2017-12-15T11:24:06","date_gmt":"2017-12-15T11:24:06","guid":{"rendered":"https:\/\/jobunt.com\/?page_id=609"},"modified":"2026-02-03T17:11:45","modified_gmt":"2026-02-03T14:11:45","slug":"ilan-ekle","status":"publish","type":"page","link":"https:\/\/hizliserisayfa.com\/tr\/ilan-ekle\/","title":{"rendered":"\u0130lan Ver"},"content":{"rendered":"<div class=\"wpb-content-wrapper\"><div class=\"vc_row wpb_row vc_row-fluid vc_custom_1513600322559\"><div class=\"wpb_column vc_column_container vc_col-sm-12\"><div class=\"vc_column-inner\"><div class=\"wpb_wrapper\">    <div class=\"jobsearch-employer-dasboard jobsearch-typo-wrap\">\r\n\r\n                    <form autocomplete=\"off\" id=\"job-posting-form\"\r\n                  method=\"post\"  class=\"user-logform-err\"                  enctype=\"multipart\/form-data\" action=\"\">\r\n                <div class=\"jobsearch-employer-box-section\">\r\n\r\n                                            <div class=\"jobsearch-profile-title\">\r\n                                                            <h2>Yeni \u0130lan Ekle<\/h2>\r\n                                                    <\/div>\r\n                        <nav class=\"jobsearch-employer-jobnav\">\r\n                            <ul>\r\n                                <li class=\"active\">\r\n                                    <a href=\"javascript:void(0);\">\r\n                                        <i class=\"jobsearch-icon jobsearch-briefcase-1\"><\/i>\r\n                                        <span>\u0130lan Detaylar\u0131<\/span>\r\n                                    <\/a>\r\n                                <\/li>\r\n                                                                    <li>\r\n                                        <a href=\"javascript:void(0);\">\r\n                                            <i class=\"jobsearch-icon jobsearch-credit-card\"><\/i>\r\n                                            <span>Paketler &amp; \u00d6deme<\/span>\r\n                                        <\/a>\r\n                                    <\/li>\r\n                                                                    <li>\r\n                                    <a href=\"javascript:void(0);\">\r\n                                        <i class=\"jobsearch-icon jobsearch-checked\"><\/i>\r\n                                        <span>Onaylama<\/span>\r\n                                    <\/a>\r\n                                <\/li>\r\n                            <\/ul>\r\n                        <\/nav>\r\n                                                <script>\r\n                                jQuery(document).ready(function () {\r\n                                    var todayDate = new Date().getDate();\r\n                                    jQuery('#jobsearch_job_application_deadline').datetimepicker({\r\n                                        timepicker: true,\r\n                                        format: 'd-m-Y',\r\n                                                                                minDate: new Date(new Date().setDate(todayDate)),\r\n                                        maxDate: new Date(new Date().setDate(todayDate + 30)),\r\n                                        scrollInput: false,\r\n                                        scrollMonth: false,\r\n                                                                            });\r\n                                });\r\n                            <\/script>\r\n                            <ul class=\"jobsearch-row jobsearch-employer-profile-form\">\r\n                                                                <li class=\"jobsearch-column-12\">\r\n                                    <label>\u0130lan Ba\u015fl\u0131\u011f\u0131*<\/label>                                    <input id=\"ad-posting-title\"\r\n                                           class=\"jobsearch-req-field\" value=\"\" \r\n                                           name=\"job_title\" type=\"text\"\r\n                                           placeholder=\"\u00d6rnek: Web Sitesi Tasar\u0131m Hizmeti\">\r\n                                    <span class=\"field-error\"><\/span>\r\n                                <\/li>\r\n                                                                <li class=\"jobsearch-column-12\">\r\n                                    <label>\u0130lan A\u00e7\u0131klamas\u0131 *<\/label>                                    <div id=\"wp-job_detail-wrap\" class=\"wp-core-ui wp-editor-wrap tmce-active\"><link rel='stylesheet' id='dashicons-css' href='https:\/\/hizliserisayfa.com\/wp-includes\/css\/dashicons.min.css?ver=6.9.4' type='text\/css' media='all' \/>\n<link rel='stylesheet' id='editor-buttons-css' href='https:\/\/hizliserisayfa.com\/wp-includes\/css\/editor.min.css?ver=6.9.4' type='text\/css' media='all' \/>\n<div id=\"wp-job_detail-editor-tools\" class=\"wp-editor-tools hide-if-no-js\"><div class=\"wp-editor-tabs\"><button type=\"button\" id=\"job_detail-tmce\" aria-pressed=\"true\" class=\"wp-switch-editor switch-tmce\" data-wp-editor-id=\"job_detail\">G\u00f6rsel<\/button>\n<button type=\"button\" id=\"job_detail-html\" class=\"wp-switch-editor switch-html\" data-wp-editor-id=\"job_detail\">Kod<\/button>\n<\/div>\n<\/div>\n<div id=\"wp-job_detail-editor-container\" class=\"wp-editor-container\"><div id=\"qt_job_detail_toolbar\" class=\"quicktags-toolbar hide-if-no-js\"><\/div><textarea class=\"jobsearch-req-field wp-editor-area\" rows=\"20\" autocomplete=\"off\" cols=\"40\" name=\"job_detail\" id=\"job_detail\"><\/textarea><\/div>\n<\/div>\n\n                                    <span class=\"field-error\"><\/span>\r\n                                <\/li>\r\n                                                                    <li class=\"jobsearch-column-6\">\r\n                                        <label>E-posta Adresi *<\/label>\r\n                                        <input type=\"email\" name=\"reg_user_email\" required class=\"jobsearch-req-field\">\r\n                                        <span class=\"field-error\"><\/span>\r\n                                    <\/li>\r\n                                                                            <li class=\"jobsearch-column-6\">\r\n                                            <label>Kullan\u0131c\u0131 Ad\u0131 *<\/label>\r\n                                            <input type=\"text\" name=\"reg_user_uname\" required class=\"jobsearch-req-field\">\r\n                                            <span class=\"field-error\"><\/span>\r\n                                        <\/li>\r\n                                                                        \r\n                                                                            <li class=\"jobsearch-column-6\">\r\n                                            <label>\u0130lan Sekt\u00f6r\u00fc *<\/label>                                            <div class=\"jobsearch-profile-select\">\r\n                                                <select  name='job_sector' id='job-sector' class='jobsearch-req-field selectize-select'>\n\t<option value='0'>Se\u00e7iniz<\/option>\n\t<option class=\"level-0\" value=\"160\">Bak\u0131m &#8211; Tamir &#8211; Servis<\/option>\n\t<option class=\"level-1\" value=\"161\">&nbsp;&nbsp;&nbsp;Asans\u00f6r Servisi<\/option>\n\t<option class=\"level-1\" value=\"162\">&nbsp;&nbsp;&nbsp;Bilgisayar Elektronik Servisi<\/option>\n\t<option class=\"level-1\" value=\"169\">&nbsp;&nbsp;&nbsp;Di\u011fer Servisler<\/option>\n\t<option class=\"level-1\" value=\"163\">&nbsp;&nbsp;&nbsp;Elektrik\u00e7i<\/option>\n\t<option class=\"level-1\" value=\"164\">&nbsp;&nbsp;&nbsp;Klima Servisi<\/option>\n\t<option class=\"level-1\" value=\"165\">&nbsp;&nbsp;&nbsp;Kombi Servisi<\/option>\n\t<option class=\"level-1\" value=\"166\">&nbsp;&nbsp;&nbsp;Mobilya Tamir ve Montaj<\/option>\n\t<option class=\"level-1\" value=\"167\">&nbsp;&nbsp;&nbsp;Su Tesisat\u00e7\u0131s\u0131<\/option>\n\t<option class=\"level-1\" value=\"168\">&nbsp;&nbsp;&nbsp;Televizyon ve Uydu Servisleri<\/option>\n\t<option class=\"level-0\" value=\"193\">Bay Arkada\u015f \u0130lanlar\u0131<\/option>\n\t<option class=\"level-0\" value=\"190\">Bayan Arkada\u015f \u0130lanlar\u0131<\/option>\n\t<option class=\"level-0\" value=\"184\">Duyurular<\/option>\n\t<option class=\"level-1\" value=\"185\">&nbsp;&nbsp;&nbsp;Etkinlikler<\/option>\n\t<option class=\"level-1\" value=\"188\">&nbsp;&nbsp;&nbsp;Hayvan Sahiplendirme<\/option>\n\t<option class=\"level-1\" value=\"186\">&nbsp;&nbsp;&nbsp;Kay\u0131p &#8211; Aran\u0131yor<\/option>\n\t<option class=\"level-1\" value=\"187\">&nbsp;&nbsp;&nbsp;\u00d6zel Mesajlar<\/option>\n\t<option class=\"level-0\" value=\"194\">Ev Arkada\u015f\u0131 \u0130lanlar\u0131<\/option>\n\t<option class=\"level-0\" value=\"177\">Firma \u0130lanlar\u0131<\/option>\n\t<option class=\"level-1\" value=\"182\">&nbsp;&nbsp;&nbsp;Barter \u0130lanlar\u0131<\/option>\n\t<option class=\"level-1\" value=\"179\">&nbsp;&nbsp;&nbsp;Kampanya \u0130lanlar\u0131<\/option>\n\t<option class=\"level-1\" value=\"180\">&nbsp;&nbsp;&nbsp;Ortak Arayanlar<\/option>\n\t<option class=\"level-1\" value=\"181\">&nbsp;&nbsp;&nbsp;Sat\u0131l\u0131k \u015eirket<\/option>\n\t<option class=\"level-1\" value=\"183\">&nbsp;&nbsp;&nbsp;Sat\u0131\u015f Ortakl\u0131\u011f\u0131 &#8211; Affiliate<\/option>\n\t<option class=\"level-1\" value=\"178\">&nbsp;&nbsp;&nbsp;\u00dcr\u00fcn &#8211; Hizmet Duyurular\u0131<\/option>\n\t<option class=\"level-0\" value=\"150\">Hizmet Verenler<\/option>\n\t<option class=\"level-1\" value=\"159\">&nbsp;&nbsp;&nbsp;Astrolog<\/option>\n\t<option class=\"level-1\" value=\"151\">&nbsp;&nbsp;&nbsp;Avukat, Hukuki Dan\u0131\u015fma<\/option>\n\t<option class=\"level-1\" value=\"152\">&nbsp;&nbsp;&nbsp;Bak\u0131c\u0131 Hizmetleri<\/option>\n\t<option class=\"level-1\" value=\"154\">&nbsp;&nbsp;&nbsp;\u00c7eviri &#8211; Terc\u00fcme<\/option>\n\t<option class=\"level-1\" value=\"155\">&nbsp;&nbsp;&nbsp;Etkinlik &#8211; Organizasyon<\/option>\n\t<option class=\"level-1\" value=\"156\">&nbsp;&nbsp;&nbsp;Ev, Ofis Temizli\u011fi<\/option>\n\t<option class=\"level-1\" value=\"157\">&nbsp;&nbsp;&nbsp;Evde Sa\u011fl\u0131k Hizmetleri<\/option>\n\t<option class=\"level-1\" value=\"153\">&nbsp;&nbsp;&nbsp;Fizyoterapist, Fizik Tedavi<\/option>\n\t<option class=\"level-1\" value=\"158\">&nbsp;&nbsp;&nbsp;Ya\u015fam Ko\u00e7u &#8211; Terapist<\/option>\n\t<option class=\"level-0\" value=\"58\">\u0130\u015f \u0130lanlar\u0131<\/option>\n\t<option class=\"level-1\" value=\"34\">&nbsp;&nbsp;&nbsp;Asistan \u2013 Sekreter<\/option>\n\t<option class=\"level-1\" value=\"61\">&nbsp;&nbsp;&nbsp;Muhasebeci<\/option>\n\t<option class=\"level-1\" value=\"62\">&nbsp;&nbsp;&nbsp;Part Time \u0130\u015fler<\/option>\n\t<option class=\"level-1\" value=\"63\">&nbsp;&nbsp;&nbsp;Pazarlama &#8211; Sat\u0131\u015f<\/option>\n\t<option class=\"level-1\" value=\"64\">&nbsp;&nbsp;&nbsp;Restaurant &#8211; Cafe &#8211; Servis Eleman\u0131<\/option>\n\t<option class=\"level-1\" value=\"65\">&nbsp;&nbsp;&nbsp;Sat\u0131\u015f Eleman\u0131 &#8211; Tezgahtar<\/option>\n\t<option class=\"level-1\" value=\"66\">&nbsp;&nbsp;&nbsp;\u015eof\u00f6r<\/option>\n\t<option class=\"level-1\" value=\"67\">&nbsp;&nbsp;&nbsp;Tan\u0131t\u0131m Eleman\u0131 &#8211; Host &#8211; Hostes<\/option>\n\t<option class=\"level-1\" value=\"68\">&nbsp;&nbsp;&nbsp;Tekstil &#8211; Konfeksiyon<\/option>\n\t<option class=\"level-0\" value=\"170\">\u00d6zel Ders Verenler<\/option>\n\t<option class=\"level-1\" value=\"171\">&nbsp;&nbsp;&nbsp;Bilgisayar Dersleri<\/option>\n\t<option class=\"level-1\" value=\"176\">&nbsp;&nbsp;&nbsp;Di\u011fer Ders Verenler<\/option>\n\t<option class=\"level-1\" value=\"172\">&nbsp;&nbsp;&nbsp;Direksiyon Dersi<\/option>\n\t<option class=\"level-1\" value=\"173\">&nbsp;&nbsp;&nbsp;\u0130ngilizce Dersi<\/option>\n\t<option class=\"level-1\" value=\"174\">&nbsp;&nbsp;&nbsp;Matematik Dersi<\/option>\n\t<option class=\"level-1\" value=\"175\">&nbsp;&nbsp;&nbsp;M\u00fczik &#8211; Enstr\u00fcman Dersleri<\/option>\n<\/select>\n                                            <\/div>\r\n                                        <\/li>\r\n                                                                                <li class=\"jobsearch-column-6\">\r\n                                        <label>\u0130lan T\u00fcr\u00fc<\/label>                                            <div class=\"jobsearch-profile-select\">\r\n                                                <select  name='job_type' id='job-type' class='selectize-select'>\n\t<option value='0'>Se\u00e7iniz<\/option>\n\t<option class=\"level-0\" value=\"191\">Arkada\u015f<\/option>\n\t<option class=\"level-0\" value=\"192\">Ev Arkada\u015f\u0131<\/option>\n\t<option class=\"level-0\" value=\"189\">\u0130lan<\/option>\n\t<option class=\"level-0\" value=\"35\">Kiral\u0131k<\/option>\n\t<option class=\"level-0\" value=\"37\">Sahiplendirme<\/option>\n\t<option class=\"level-0\" value=\"23\">Sat\u0131l\u0131k<\/option>\n<\/select>\n                                            <\/div>\r\n                                        <\/li>\r\n                                                                        <input type=\"hidden\" name=\"job_apply_type\"\r\n                                       value=\"internal\"\/>\r\n                                                            <\/ul>\r\n                                            <\/div>\r\n\r\n                                            <input type=\"hidden\" name=\"pt_user_role\" value=\"jobsearch_employer\">\r\n                                                <input type=\"hidden\" name=\"user_job_posting\" value=\"1\">\r\n                                        <div class=\"terms-priv-chek-con\">\r\n                    <p>\r\n                        <input type=\"checkbox\" name=\"terms_cond_check\" >\r\n                        <span class=\"terms-priv-check-inner\">\r\n                            By clicking checkbox, you agree to our <a href=\"https:\/\/hizliserisayfa.com\/tr\/kullanim-kosullari\/\" target=\"_blank\">Terms and Conditions<\/a> and <a href=\"https:\/\/hizliserisayfa.com\/tr\/gizlilik-ilkesi\/\" target=\"_blank\">Privacy Policy<\/a>                        <\/span>\r\n                    <\/p>\r\n                <\/div>\r\n                                            <input type=\"submit\" class=\"jobsearch-employer-profile-submit jobsearch-postjob-btn\" value=\"Devam Et\">\r\n                            <div class=\"jobsearch-postjob-msglodrcon\" style=\"display: inline-block; width: 100%;margin: 10px 0 0;\"><\/div>            <input type=\"hidden\" name=\"trp-form-language\" value=\"tr\"\/><\/form>\r\n                <\/div>\r\n    <\/div><\/div><\/div><\/div>\n<\/div>","protected":false},"excerpt":{"rendered":"Yeni \u0130lan Ekle \u0130lan Detaylar\u0131 Paketler &amp; \u00d6deme Onaylama \u0130lan Ba\u015fl\u0131\u011f\u0131* \u0130lan A\u00e7\u0131klamas\u0131 * G\u00f6rsel Kod E-posta Adresi * Kullan\u0131c\u0131 Ad\u0131 * \u0130lan Sekt\u00f6r\u00fc * Se\u00e7iniz Bak\u0131m &#8211; Tamir &#8211; Servis &nbsp;&nbsp;&nbsp;Asans\u00f6r Servisi &nbsp;&nbsp;&nbsp;Bilgisayar Elektronik Servisi &nbsp;&nbsp;&nbsp;Di\u011fer Servisler &nbsp;&nbsp;&nbsp;Elektrik\u00e7i &nbsp;&nbsp;&nbsp;Klima Servisi &nbsp;&nbsp;&nbsp;Kombi Servisi &nbsp;&nbsp;&nbsp;Mobilya Tamir ve Montaj &nbsp;&nbsp;&nbsp;Su Tesisat\u00e7\u0131s\u0131 &nbsp;&nbsp;&nbsp;Televizyon ve Uydu Servisleri Bay Arkada\u015f...","protected":false},"author":1,"featured_media":0,"parent":0,"menu_order":0,"comment_status":"closed","ping_status":"closed","template":"","meta":{"footnotes":""},"class_list":["post-211","page","type-page","status-publish","hentry"],"_links":{"self":[{"href":"https:\/\/hizliserisayfa.com\/tr\/wp-json\/wp\/v2\/pages\/211","targetHints":{"allow":["GET"]}}],"collection":[{"href":"https:\/\/hizliserisayfa.com\/tr\/wp-json\/wp\/v2\/pages"}],"about":[{"href":"https:\/\/hizliserisayfa.com\/tr\/wp-json\/wp\/v2\/types\/page"}],"author":[{"embeddable":true,"href":"https:\/\/hizliserisayfa.com\/tr\/wp-json\/wp\/v2\/users\/1"}],"replies":[{"embeddable":true,"href":"https:\/\/hizliserisayfa.com\/tr\/wp-json\/wp\/v2\/comments?post=211"}],"version-history":[{"count":3,"href":"https:\/\/hizliserisayfa.com\/tr\/wp-json\/wp\/v2\/pages\/211\/revisions"}],"predecessor-version":[{"id":389,"href":"https:\/\/hizliserisayfa.com\/tr\/wp-json\/wp\/v2\/pages\/211\/revisions\/389"}],"wp:attachment":[{"href":"https:\/\/hizliserisayfa.com\/tr\/wp-json\/wp\/v2\/media?parent=211"}],"curies":[{"name":"wp","href":"https:\/\/api.w.org\/{rel}","templated":true}]}}