{"id":19,"date":"2026-02-05T11:20:50","date_gmt":"2026-02-05T08:20:50","guid":{"rendered":"https:\/\/hizliserisayfa.com\/?page_id=19"},"modified":"2026-02-05T13:20:23","modified_gmt":"2026-02-05T10:20:23","slug":"geri-odeme-ve-iade-politikasi","status":"publish","type":"page","link":"https:\/\/hizliserisayfa.com\/tr\/geri-odeme-ve-iade-politikasi\/","title":{"rendered":"Geri \u00d6deme ve \u0130ade Politikas\u0131"},"content":{"rendered":"<div class=\"wpb-content-wrapper\"><div class=\"vc_row wpb_row vc_row-fluid\"><div class=\"wpb_column vc_column_container vc_col-sm-12\"><div class=\"vc_column-inner\"><div class=\"wpb_wrapper\">\n\t<div class=\"wpb_text_column wpb_content_element\" >\n\t\t<div class=\"wpb_wrapper\">\n\t\t\t<p><span style=\"color: #000000;\">Kullan\u0131c\u0131lar <strong>www.hizliserisayfa.com<\/strong> \u00fczerinden sat\u0131n ald\u0131klar\u0131 t\u00fcm ilan hizmetleri i\u00e7in, \u00f6deme tarihini izleyen 3 g\u00fcn i\u00e7inde cayma haklar\u0131n\u0131 kullanma hakk\u0131na sahiptir.<\/span><\/p>\n<p><span style=\"color: #000000;\">\u00d6demenin yap\u0131ld\u0131\u011f\u0131 g\u00fcn, mesai saatleri d\u00e2hilinde iletilen iptal taleplerinde \u00f6denen tutar\u0131n tamam\u0131 iade edilir. Bu s\u00fcrenin ard\u0131ndan ve en fazla 3 g\u00fcn i\u00e7erisinde yap\u0131lan iptal ve iade taleplerinde ise, <strong>H\u0131zl\u0131 seri sayfa<\/strong> taraf\u0131ndan belirlenen hizmet bedeli (50 TL) d\u00fc\u015f\u00fcld\u00fckten sonra kalan tutar kullan\u0131c\u0131ya geri \u00f6denir.<\/span><\/p>\n<p><span style=\"color: #000000;\">\u0130ptal ve iade taleplerinin de\u011ferlendirmeye al\u0131nabilmesi i\u00e7in, taleplerin <strong>info@hizliserisayfa.com<\/strong> e-posta adresine yaz\u0131l\u0131 olarak iletilmesi gerekmektedir.<\/span><\/p>\n<p><span style=\"color: #000000;\">\u0130ade i\u015flemleri, \u00f6demenin kredi kart\u0131 ile ger\u00e7ekle\u015ftirilmi\u015f olmas\u0131 halinde, talebin onaylanmas\u0131n\u0131 takiben en ge\u00e7 5 i\u015f g\u00fcn\u00fc i\u00e7erisinde ilgili karta yap\u0131l\u0131r.<\/span><\/p>\n<p><span style=\"color: #000000;\">Site kapsam\u0131nda sunulan baz\u0131 hizmetlerin iptal edilmesi durumunda, hizmetin niteli\u011fi gere\u011fi kurumsal bir zarar olu\u015fmas\u0131 s\u00f6z konusu olursa, \u00f6denen tutar \u00fczerinden ilave kesinti yap\u0131labilir.<\/span><\/p>\n<p><span style=\"color: #000000;\">Kullan\u0131c\u0131lar hizmet iptal taleplerinde herhangi bir gerek\u00e7e belirtmek zorunda de\u011fildir. Bununla birlikte, <strong>H\u0131zl\u0131 Seri Sayfa<\/strong> gerekli g\u00f6rd\u00fc\u011f\u00fc durumlarda kullan\u0131c\u0131ya veya ilgili kuruma yeniden hizmet sunmama hakk\u0131n\u0131 sakl\u0131 tutar.<\/span><\/p>\n\n\t\t<\/div>\n\t<\/div>\n<\/div><\/div><\/div><\/div>\n<\/div>","protected":false},"excerpt":{"rendered":"Kullan\u0131c\u0131lar www.hizliserisayfa.com \u00fczerinden sat\u0131n ald\u0131klar\u0131 t\u00fcm ilan hizmetleri i\u00e7in, \u00f6deme tarihini izleyen 3 g\u00fcn i\u00e7inde cayma haklar\u0131n\u0131 kullanma hakk\u0131na sahiptir. \u00d6demenin yap\u0131ld\u0131\u011f\u0131 g\u00fcn, mesai saatleri d\u00e2hilinde iletilen iptal taleplerinde \u00f6denen tutar\u0131n tamam\u0131 iade edilir. Bu s\u00fcrenin ard\u0131ndan ve en fazla 3 g\u00fcn i\u00e7erisinde yap\u0131lan iptal ve iade taleplerinde ise, H\u0131zl\u0131 seri sayfa taraf\u0131ndan belirlenen hizmet...","protected":false},"author":1,"featured_media":0,"parent":0,"menu_order":0,"comment_status":"closed","ping_status":"closed","template":"","meta":{"footnotes":""},"class_list":["post-19","page","type-page","status-publish","hentry"],"_links":{"self":[{"href":"https:\/\/hizliserisayfa.com\/tr\/wp-json\/wp\/v2\/pages\/19","targetHints":{"allow":["GET"]}}],"collection":[{"href":"https:\/\/hizliserisayfa.com\/tr\/wp-json\/wp\/v2\/pages"}],"about":[{"href":"https:\/\/hizliserisayfa.com\/tr\/wp-json\/wp\/v2\/types\/page"}],"author":[{"embeddable":true,"href":"https:\/\/hizliserisayfa.com\/tr\/wp-json\/wp\/v2\/users\/1"}],"replies":[{"embeddable":true,"href":"https:\/\/hizliserisayfa.com\/tr\/wp-json\/wp\/v2\/comments?post=19"}],"version-history":[{"count":2,"href":"https:\/\/hizliserisayfa.com\/tr\/wp-json\/wp\/v2\/pages\/19\/revisions"}],"predecessor-version":[{"id":773,"href":"https:\/\/hizliserisayfa.com\/tr\/wp-json\/wp\/v2\/pages\/19\/revisions\/773"}],"wp:attachment":[{"href":"https:\/\/hizliserisayfa.com\/tr\/wp-json\/wp\/v2\/media?parent=19"}],"curies":[{"name":"wp","href":"https:\/\/api.w.org\/{rel}","templated":true}]}}